{"id":333,"date":"2018-03-23T13:29:04","date_gmt":"2018-03-23T11:29:04","guid":{"rendered":"https:\/\/fundaciotomsharpe.org\/?page_id=333"},"modified":"2018-03-26T11:59:26","modified_gmt":"2018-03-26T09:59:26","slug":"tom-sharpe","status":"publish","type":"page","link":"https:\/\/fundaciotomsharpe.org\/es\/tom-sharpe\/","title":{"rendered":"Tom Sharpe"},"content":{"rendered":"<div class=\"col-xs-12 col-md-8\">\n<div class=\"tom-text-first\">\n<p>Thomas Ridley Sharpe, Tom Sharpe, naci\u00f3 en Londres el 30 de marzo de 1928 y muri\u00f3 en Llafranc el 6 de junio de 2013.<\/p>\n<\/div>\n<div class=\"tom-text-normal\">\n<p>De padre ingl\u00e9s -George Coverdale Sharpe, rector de la Iglesia Unitaria- y madre nacida en Australia, -Grace Egerton Brown-, Tom vivi\u00f3 los primeros a\u00f1os de su vida en el sur de Inglaterra. Estuvo internado en dos colegios, Bloxham y Lancing, y termin\u00f3 sus estudios en el Pembroke College. Hizo el servicio militar en la Marina Real del Reino Unido entre 1946 y 1948.<\/p>\n<p>En julio de 1951 se fue a vivir a Sud\u00e1frica. Trabaj\u00f3 como asistente social, m\u00e1s tarde como maestro y finalmente tuvo un estudio fotogr\u00e1fico propio en Pi\u00e9temarizb\u00fcrg.<\/p>\n<p>Durante su estancia en Sud\u00e1frica escribi\u00f3 nueve obras de teatro. En diciembre de 1961 fue arrestado y deportado a Gran Breta\u00f1a por su actividad pol\u00edtica contra el apartheid.<\/p>\n<p>De 1963 a 1972 trabaj\u00f3 como profesor de historia en el Cambridge College of Arts and Technology, a\u00f1os durante los cuales se gest\u00f3 su personaje Wilt, que acompa\u00f1ar\u00eda al autor durante toda su vida. En 1971 se public\u00f3 su primer libro, Reuni\u00f3n tumultuosa.<\/p>\n<p>Tom Sharpe escribi\u00f3 un total de diecis\u00e9is libros, todos ellos cargados de humor, un humor muchas veces corrosivo que el autor utilizaba para vehicular la denuncia social, su profundo dolor, la reflexi\u00f3n y una cr\u00edtica muy l\u00facida a casi todo.<\/p>\n<\/div>\n<div class=\"tom-text-destacat\">\n<p><strong>Ha recibido varios premios literarios: el XXXIII\u00e8me Gran Prix de l\u2019Humour Noir Xavier Forneret en Francia, en 1986; el LiberPress de Gerona, en 2009 y La risa de Bilbao en 2010.<\/strong><\/p>\n<p><strong>Fue nombrado Socio honorario del Catalonia Today en 2001 y Palafrugellenc de l&#8217;any, en 2009.<\/strong><\/p>\n<\/div>\n<\/div>\n<\/div>\n<\/div>\n<div class=\"tom-text-background\">\n<div class=\"tom-imatge-back\">\n<div class=\"container\">\n<div class=\"row\">\n<div class=\"image-tom hidden-xs hidden-sm\"><img decoding=\"async\" src=\"https:\/\/tomsharpe.local\/wp-content\/uploads\/2018\/03\/foto_tom_sharpe.png\" alt=\"\" \/><\/div>\n<div class=\"col-xs-12 col-md-6 content-tom-text\">\n<p>Sobre Tom Sharpe y su obra se han publicado dos libros: Wilt soy yo, de Ll\u00e0tzer Moix, y El humor como m\u00e1scara del desencanto en las novelas de Tom Sharpe, de Celia V\u00e1zquez Garc\u00eda.<\/p>\n<p>Tambi\u00e9n se han publicado tres tesis universitarias sobre su obra: Entre la farce et l&#8217;ironie: paradoxes et ambiguit\u00e9s de Tom Sharpe, \u00e9crivain populaire, de Christian Dalzon, Universidad de la Sorbona, 1992; Tom Sharpe. Humour et societe, de Dominique Vinet, Universidad de Bordeaux, 1993, y una tercera en Alemania, Der Tabubruch In Den Romanen Tom Sharpes, dirigida por el profesor Dr. Gerd Stratmann y escrita por Christina Rottenb\u00fccher, Ruhr-Universit\u00e4t Bochum, 1995<\/p>\n<p>Tom Sharpe vivi\u00f3 casi veinte a\u00f1os en la Costa Brava. Lleg\u00f3 por primera vez a Llafranc en abril de 1992 \u2013su agente literaria lo hab\u00eda invitado a comer\u2013; le gust\u00f3, se compr\u00f3 una casa y se qued\u00f3 all\u00ed hasta el final de su vida. El documental Els \u00faltims dies de Tom Sharpe a la Costa Brava, realizado entre 2012 y 2013, recoge sus \u00faltimos d\u00edas.<\/p>\n<\/div>\n<\/div>\n<\/div>\n<\/div>\n<\/div>\n","protected":false},"excerpt":{"rendered":"<p>Thomas Ridley Sharpe, Tom Sharpe, naci\u00f3 en Londres el 30 de marzo de 1928 y muri\u00f3 en Llafranc el 6 de junio de 2013. De padre ingl\u00e9s -George Coverdale Sharpe, rector de la Iglesia Unitaria- y madre nacida en Australia, -Grace Egerton Brown-, Tom vivi\u00f3 los primeros a\u00f1os de su vida en el sur de [&hellip;]<\/p>\n","protected":false},"author":1,"featured_media":165,"parent":0,"menu_order":0,"comment_status":"closed","ping_status":"closed","template":"","meta":{"_acf_changed":false,"footnotes":""},"class_list":["post-333","page","type-page","status-publish","has-post-thumbnail","hentry"],"acf":[],"_links":{"self":[{"href":"https:\/\/fundaciotomsharpe.org\/es\/wp-json\/wp\/v2\/pages\/333","targetHints":{"allow":["GET"]}}],"collection":[{"href":"https:\/\/fundaciotomsharpe.org\/es\/wp-json\/wp\/v2\/pages"}],"about":[{"href":"https:\/\/fundaciotomsharpe.org\/es\/wp-json\/wp\/v2\/types\/page"}],"author":[{"embeddable":true,"href":"https:\/\/fundaciotomsharpe.org\/es\/wp-json\/wp\/v2\/users\/1"}],"replies":[{"embeddable":true,"href":"https:\/\/fundaciotomsharpe.org\/es\/wp-json\/wp\/v2\/comments?post=333"}],"version-history":[{"count":1,"href":"https:\/\/fundaciotomsharpe.org\/es\/wp-json\/wp\/v2\/pages\/333\/revisions"}],"predecessor-version":[{"id":334,"href":"https:\/\/fundaciotomsharpe.org\/es\/wp-json\/wp\/v2\/pages\/333\/revisions\/334"}],"wp:featuredmedia":[{"embeddable":true,"href":"https:\/\/fundaciotomsharpe.org\/es\/wp-json\/wp\/v2\/media\/165"}],"wp:attachment":[{"href":"https:\/\/fundaciotomsharpe.org\/es\/wp-json\/wp\/v2\/media?parent=333"}],"curies":[{"name":"wp","href":"https:\/\/api.w.org\/{rel}","templated":true}]}}