{"id":378,"date":"2018-03-26T17:15:04","date_gmt":"2018-03-26T15:15:04","guid":{"rendered":"https:\/\/fundaciotomsharpe.org\/?page_id=378"},"modified":"2018-03-26T17:25:26","modified_gmt":"2018-03-26T15:25:26","slug":"aviso-legal","status":"publish","type":"page","link":"https:\/\/fundaciotomsharpe.org\/es\/aviso-legal\/","title":{"rendered":"Aviso legal"},"content":{"rendered":"\n<p>Este sitio web y el dominio <a href=\"https:\/\/www.fundaciotomsharpe.org\">www.fundaciotomsharpe.org<\/a> son propiedad de la Fundaci\u00f3n Tom Sharpe (NIF G55257166) con domicilio social en C. Sant Mart\u00ed n\u00famero 18, 17200 Palafrugell, correo electr\u00f3nico <a href=\"mailto:info@fundaciotomsharpe.org\">info@fundaciotomsharpe.org<\/a><\/p>\n<p>Estos avisos legales regulan las condiciones de uso de los servicios y la informaci\u00f3n que se proporciona por medio de este sitio web. Son usuarios del sitio, todas las que accedan a estos servicios ya esta informaci\u00f3n. La condici\u00f3n de persona usuaria comporta la aceptaci\u00f3n plena de las condiciones establecidas en estos avisos legales.<\/p>\n<h3>1. Propiedad intelectual e industrial<\/h3>\n<p>Los derechos sobre los contenidos de este sitio, (a t\u00edtulo enunciativo) textos, im\u00e1genes, archivos de audio, software, marcas, logotipos, combinaciones de colores, estructura y dise\u00f1o, pertenecen a la Fundaci\u00f3n Tom Sharpe o a terceros que han autorizado el uso. La Fundaci\u00f3n Tom Sharpe presenta estos contenidos con fines de informaci\u00f3n y publicidad y autoriza la utilizaci\u00f3n exclusivamente con estas finalidades. De forma general queda prohibida la utilizaci\u00f3n con fines comerciales en beneficio de terceras personas, as\u00ed como cualquier transformaci\u00f3n y\/o alteraci\u00f3n. En caso de que la Fundaci\u00f3n Tom Sharpe autorice la utilizaci\u00f3n de algunos de estos elementos, el beneficiario deber\u00e1 mencionar expresamente la propiedad, que se reserva el derecho a emprender las acciones legales oportunas por los da\u00f1os y perjuicios causados por cualquier acto que vulnere sus derechos de propiedad intelectual y\/o industrial.<\/p>\n<p>No se autorizan presentaciones de los contenidos de este sitio en una ventana ajena (enmarcamiento o <em>framing<\/em>). En caso de que se creen enlaces de hipertexto a alguna de las p\u00e1ginas del sitio <a href=\"https:\/\/www.fundaciotomsharpe.org\">www.fundaciotomsharpe.org<\/a>, el usuario deber\u00e1 saber que est\u00e1 entrando y deber\u00e1 poder ver esta direcci\u00f3n URL en la ventana de su navegador.<\/p>\n<h3>2. Uso correcto del sitio web<\/h3>\n<p>El usuario se compromete a hacer un uso correcto de todos los contenidos y servicios del sitio web de acuerdo con la Ley y con lo que establecen estos avisos legales. No modificar\u00e1 ni provocar\u00e1 da\u00f1os de cualquier tipo a los datos, programas y\/o documentos del sitio web, ni introducir\u00e1 ninguna clase de dispositivo l\u00f3gico o secuencia de car\u00e1cteres que pueda afectar al sistema inform\u00e1tico del sitio web, incluidos los medios de protecci\u00f3n y de seguridad.<\/p>\n<p>El usuario se compromete a mantener en secreto el identificador y\/o contrase\u00f1as que le ha entregado la Fundaci\u00f3n Tom Sharpe para poder acceder a los servicios del sitio web, el cual deber\u00e1 utilizarse de forma estrictamente personal y, en consecuencia, no podr\u00e1 ser cedido a terceros. En caso de p\u00e9rdida o robo del identificador y\/o contrase\u00f1a, el usuario estar\u00e1 obligado a comunicarlo a la Fundaci\u00f3n Tom Sharpe para proceder a su inmediata cancelaci\u00f3n y entrega de un nuevo identificador y\/o contrase\u00f1a.<\/p>\n<p>La Fundaci\u00f3n Tom Sharpe queda eximida de cualquier responsabilidad que pudiera conllevar el uso indebido de estos identificadores o contrase\u00f1as por terceros no autorizados, responsabilidad que ser\u00eda asumida por la persona usuaria que no hubiera cumplido con sus obligaciones.<\/p>\n<p>La Fundaci\u00f3n Tom Sharpe se reserva el derecho a denegar o retirar el acceso al sitio web, sin previo aviso, a la persona usuaria que incumpla las normas incluidas en estos avisos legales.<\/p>\n<h3>3. Responsabilidades sobre los contenidos y uso<\/h3>\n<p>Aunque la Fundaci\u00f3n Tom Sharpe pone todos los medios t\u00e9cnicos y humanos posibles para ofrecer un buen servicio, se puede dar el caso que alg\u00fan dato o informaci\u00f3n no est\u00e9 del todo actualizada en el momento que el usuario del sitio web lo consulte.<\/p>\n<p>La Fundaci\u00f3n Tom Sharpe no puede garantizar de forma absoluta que el sitio web y el servidor est\u00e9n libres de virus. No se hace responsable de posibles da\u00f1os o perjuicios que se pudieran derivar de interferencias, omisiones, interrupciones, virus inform\u00e1ticos, aver\u00edas o desconexiones en el funcionamiento de este sistema electr\u00f3nico, motivados por causas ajenas a la Fundaci\u00f3n Tom Sharpe. Tampoco se hace de los retrasos o bloqueos causados por deficiencias o sobrecargas de l\u00edneas telef\u00f3nicas y\/o sobrecargas en el sistema de acceso a Internet o en otros sistemas electr\u00f3nicos, ni de los da\u00f1os que puedan ser causados por terceras personas mediante intromisiones ileg\u00edtimas fuera del control de la Fundaci\u00f3n Tom Sharpe.<\/p>\n<p>La Fundaci\u00f3n Tom Sharpe se reserva el derecho a efectuar, sin previo aviso, los cambios que considere oportunos en el sitio web, suspendi\u00e9ndose temporalmente su acceso para realizar las tareas de mejora y mantenimiento convenientes.<\/p>\n<p>La Fundaci\u00f3n Tom Sharpe declina toda responsabilidad sobre el contenido de p\u00e1ginas externas propiedad de terceros a las que se pueda acceder mediante enlaces facilitados en la web. Asimismo, no ser\u00e1 responsable de cualquier error, irregularidad o inexactitud en los contenidos publicitarios que aparecen en la web. En este sentido, la responsabilidad pertenece \u00fanicamente a los anunciantes o patrocinadores.<\/p>\n<h3>4. Resoluci\u00f3n de conflictos<\/h3>\n<p>El uso de este sitio web implica la aceptaci\u00f3n plena y sin reservas de los t\u00e9rminos y las condiciones de estos avisos legales. Los conflictos derivados del uso de esta web se regir\u00e1n exclusivamente por el derecho del Estado espa\u00f1ol y de Catalu\u00f1a, siendo los Juzgados de La Bisbal d&#8217;Empord\u00e0 los \u00fanicos competentes. Toda persona usuaria de la web, independientemente de la jurisdicci\u00f3n territorial desde la cual se produzca su acceso, acepta el cumplimiento y respeto de estas cl\u00e1usulas con renuncia expresa a cualquier otro fuero que pudiera corresponderle.<\/p>\n","protected":false},"excerpt":{"rendered":"<p>Este sitio web y el dominio www.fundaciotomsharpe.org son propiedad de la Fundaci\u00f3n Tom Sharpe (NIF G55257166) con domicilio social en C. Sant Mart\u00ed n\u00famero 18, 17200 Palafrugell, correo electr\u00f3nico info@fundaciotomsharpe.org Estos avisos legales regulan las condiciones de uso de los servicios y la informaci\u00f3n que se proporciona por medio de este sitio web. Son usuarios [&hellip;]<\/p>\n","protected":false},"author":1,"featured_media":0,"parent":0,"menu_order":0,"comment_status":"closed","ping_status":"closed","template":"","meta":{"_acf_changed":false,"footnotes":""},"class_list":["post-378","page","type-page","status-publish","hentry"],"acf":[],"_links":{"self":[{"href":"https:\/\/fundaciotomsharpe.org\/es\/wp-json\/wp\/v2\/pages\/378","targetHints":{"allow":["GET"]}}],"collection":[{"href":"https:\/\/fundaciotomsharpe.org\/es\/wp-json\/wp\/v2\/pages"}],"about":[{"href":"https:\/\/fundaciotomsharpe.org\/es\/wp-json\/wp\/v2\/types\/page"}],"author":[{"embeddable":true,"href":"https:\/\/fundaciotomsharpe.org\/es\/wp-json\/wp\/v2\/users\/1"}],"replies":[{"embeddable":true,"href":"https:\/\/fundaciotomsharpe.org\/es\/wp-json\/wp\/v2\/comments?post=378"}],"version-history":[{"count":2,"href":"https:\/\/fundaciotomsharpe.org\/es\/wp-json\/wp\/v2\/pages\/378\/revisions"}],"predecessor-version":[{"id":381,"href":"https:\/\/fundaciotomsharpe.org\/es\/wp-json\/wp\/v2\/pages\/378\/revisions\/381"}],"wp:attachment":[{"href":"https:\/\/fundaciotomsharpe.org\/es\/wp-json\/wp\/v2\/media?parent=378"}],"curies":[{"name":"wp","href":"https:\/\/api.w.org\/{rel}","templated":true}]}}