{"id":386,"date":"2018-03-27T09:09:41","date_gmt":"2018-03-27T07:09:41","guid":{"rendered":"https:\/\/fundaciotomsharpe.org\/?page_id=386"},"modified":"2018-03-27T09:09:41","modified_gmt":"2018-03-27T07:09:41","slug":"politica-de-cookies","status":"publish","type":"page","link":"https:\/\/fundaciotomsharpe.org\/es\/politica-de-cookies\/","title":{"rendered":"Pol\u00edtica de cookies"},"content":{"rendered":"<p>Las <em>cookies<\/em> son unos peque\u00f1os archivos de texto que se instalan en los equipos desde los que se accede a nuestro sitio web. Pueden guardar la identificaci\u00f3n del usuario que visita el sitio web y los sitios por los que navega. Cuando el usuario (usted, en este caso) nos vuelve a visitar, se leen las cookies para identificarlo y reestablecer sus preferencias y configuraci\u00f3n de navegaci\u00f3n. Si un usuario no autoriza el uso de las cookies, algunos servicios o funcionalidades del sitio web podr\u00edan no estar disponibles.<\/p>\n<p>Queremos que este sitio ofrezca un buen servicio y que sea f\u00e1cil de usar. Nuestro objetivo es ofrecerle servicios personalizados. En este sentido, las cookies nos permiten:<\/p>\n<ul>\n<li>Identificar a los usuarios registrados cuando vuelven al sitio para que puedan recuperar resultados de su actividad anterior<\/li>\n<li>Ahorrar tiempo evitando la necesidad de volver a introducir la misma informaci\u00f3n<\/li>\n<li>Proteger su seguridad mediante la comprobaci\u00f3n de los datos de inicio de la sesi\u00f3n<\/li>\n<\/ul>\n<p>Algunas cookies son de colaboradores externos y sirven para analizar estad\u00edsticamente la informaci\u00f3n a la que acceden los usuarios de nuestro sitio. Los datos recopilados pueden incluir:<\/p>\n<ul>\n<li>La actividad del navegador del usuario cuando nos visita <\/li>\n<li>La ruta que siguen los usuarios en nuestro sitio<\/li>\n<li>La informaci\u00f3n del proveedor de servicios de Internet del visitante<\/li>\n<li>El n\u00famero de veces que los visitantes acceden al sitio<\/li>\n<li>El comportamiento de los usuarios en nuestro sitio (p\u00e1ginas que han visitado, formularios que se han completado, etc.)<\/li>\n<\/ul>\n<p>Tambi\u00e9n pueden identificar a los usuarios que nos visitan desde la invitaci\u00f3n de un sito web asociado o de un enlace patrocinado.<\/p>\n<p>Usted puede revocar el consentimiento o la utilizaci\u00f3n de cookies, elimin\u00e1ndolas por medio de las opciones que le ofrece su navegador.<\/p>\n<p>Si desea recibir informaci\u00f3n adicional sobre la actividad de las empresas de publicidad en Internet y sobre c\u00f3mo eliminar sus datos de los registros de \u00e9stas, puede visitar <a title=\"NAI: Network Advertising Initiative\" href=\"https:\/\/www.networkadvertising.org\/\" target=\"_blank\">www.networkadvertising.org<\/a>.<\/p>\n<p>Este sitio web utiliza las siguientes cookies:<\/p>\n<ul>\n<li>Google Analytics, para obtener y analizar informaci\u00f3n de la navegaci\u00f3n de los usuarios: <em>_utma<\/em>, <em>_utmb<\/em>, <em>_utmc<\/em> y <em>_utmz<\/em>. M\u00e1s informaci\u00f3n en: <a title=\"Google Analytics\" href=\"https:\/\/www.google.com\/intl\/es\/analytics\/\" target=\"_blank\">www.google.com\/intl\/es\/analytics\/<\/a>. Para controlar la recopilaci\u00f3n de datos confines anal\u00edticos por parte de Google Analytics, puede ir a: <a title=\"P\u00e1gina descarga complemento inhabilitaci\u00f3n para navegadores de Google Analytics\" href=\"https:\/\/tools.google.com\/dlpage\/gaoptout?hl=es\" target=\"_blank\">tools.google.com\/dlpage\/gaoptout?hl=es<\/a><span lang=\"EN-GB\" style=\"font-family: Verdana; font-size: 11pt;\"> <\/span><\/li>\n<li>Joomla, para recoger informaci\u00f3n de seguimiento de los usuarios a nivel estad\u00edstico: <em>3b8570d44e24fbf940289ae914bc4400<\/em> y <em>d8416ee31a10e28c73a752de056aaacc<\/em>, son activas durante la sesi\u00f3n en curso. La cookie <em>3b8570d44e24fbf940289ae914bc4400<\/em> sirve para recordar las preferencias de idioma de los usuarios. La cookie <em>d8416ee31a10e28c73a752de056aaacc<\/em> sirve para recordar la sesi\u00f3n de los usuarios.<\/li>\n<\/ul>\n<p>Usted puede configurar su navegador para que le informe previamente de la posible instalaci\u00f3n de cookies. Tambi\u00e9n podr\u00e1 optar para que se supriman autom\u00e1ticamente una vez se cierre el navegador, equipo o dispositivo. Puede encontrar informaci\u00f3n sobre c\u00f3mo hacerlo en:<\/p>\n<ul>\n<li>A trav\u00e9s de Firefox: <a title=\"Informaci\u00f3n cookies Firefox\" href=\"https:\/\/support.mozilla.org\/es\/kb\/cookies-informacion-que-los-sitios-web-guardan-en-\" target=\"_blank\">support.mozilla.org\/es\/kb\/cookies-informacion-que-los-sitios-web-guardan-en-<\/a><\/li>\n<li>A trav\u00e9s de Chrome: <a title=\"Informaci\u00f3n cookies Chrome\" href=\"https:\/\/support.google.com\/chrome\/answer\/95647?hl=es\" target=\"_blank\">support.google.com\/chrome\/answer\/95647?hl=es<\/a><\/li>\n<li>A trav\u00e9s de Internet Explorer: <a title=\"Informaci\u00f3n cookies Internet Explorer\" href=\"https:\/\/windows.microsoft.com\/es-es\/internet-explorer\/delete-manage-cookies#ie=ie-10\" target=\"_blank\">windows.microsoft.com\/es-es\/internet-explorer\/delete-manage-cookies#ie=ie-10<\/a> <\/li>\n<li>A trav\u00e9s de Safari: <a title=\"Information cookies Safari\" href=\"https:\/\/support.apple.com\/kb\/ph5042\" target=\"_blank\">support.apple.com\/kb\/ph5042<\/a><\/li>\n<li>A trav\u00e9s de Safari (iOS): <a title=\"Informaci\u00f3n cookies Safari iOS\" href=\"https:\/\/support.apple.com\/kb\/HT1677?viewlocale=es_ES&amp;locale=es_ES\" target=\"_blank\">support.apple.com\/kb\/HT1677?viewlocale=es_ES&amp;locale=es_ES<\/a><\/li>\n<li>A trav\u00e9s de Opera: <a title=\"Informaci\u00f3n cookies Opera\" href=\"https:\/\/help.opera.com\/Windows\/11.50\/es-ES\/cookies.html\" target=\"_blank\">help.opera.com\/Windows\/11.50\/es-ES\/cookies.html<\/a><\/li>\n<\/ul>\n","protected":false},"excerpt":{"rendered":"<p>Las cookies son unos peque\u00f1os archivos de texto que se instalan en los equipos desde los que se accede a nuestro sitio web. Pueden guardar la identificaci\u00f3n del usuario que visita el sitio web y los sitios por los que navega. Cuando el usuario (usted, en este caso) nos vuelve a visitar, se leen las [&hellip;]<\/p>\n","protected":false},"author":1,"featured_media":0,"parent":0,"menu_order":0,"comment_status":"closed","ping_status":"closed","template":"","meta":{"_acf_changed":false,"footnotes":""},"class_list":["post-386","page","type-page","status-publish","hentry"],"acf":[],"_links":{"self":[{"href":"https:\/\/fundaciotomsharpe.org\/es\/wp-json\/wp\/v2\/pages\/386","targetHints":{"allow":["GET"]}}],"collection":[{"href":"https:\/\/fundaciotomsharpe.org\/es\/wp-json\/wp\/v2\/pages"}],"about":[{"href":"https:\/\/fundaciotomsharpe.org\/es\/wp-json\/wp\/v2\/types\/page"}],"author":[{"embeddable":true,"href":"https:\/\/fundaciotomsharpe.org\/es\/wp-json\/wp\/v2\/users\/1"}],"replies":[{"embeddable":true,"href":"https:\/\/fundaciotomsharpe.org\/es\/wp-json\/wp\/v2\/comments?post=386"}],"version-history":[{"count":1,"href":"https:\/\/fundaciotomsharpe.org\/es\/wp-json\/wp\/v2\/pages\/386\/revisions"}],"predecessor-version":[{"id":387,"href":"https:\/\/fundaciotomsharpe.org\/es\/wp-json\/wp\/v2\/pages\/386\/revisions\/387"}],"wp:attachment":[{"href":"https:\/\/fundaciotomsharpe.org\/es\/wp-json\/wp\/v2\/media?parent=386"}],"curies":[{"name":"wp","href":"https:\/\/api.w.org\/{rel}","templated":true}]}}