{"id":486,"date":"2018-02-14T13:18:36","date_gmt":"2018-02-14T11:18:36","guid":{"rendered":"https:\/\/fundaciotomsharpe.org\/?page_id=486"},"modified":"2026-04-02T10:57:36","modified_gmt":"2026-04-02T08:57:36","slug":"la-fundacion","status":"publish","type":"page","link":"https:\/\/fundaciotomsharpe.org\/es\/la-fundacion\/","title":{"rendered":"La Fundaci\u00f3n"},"content":{"rendered":"<div class=\"fundacio\">\n<p class=\"col-xs-12 col-md-8 text-lafundacio\">La Fundaci\u00f3n Tom Sharpe es una entidad sin \u00e1nimo de lucro que tiene la voluntad de potenciar el estudio y la promoci\u00f3n de la obra literaria del escritor, tanto en Catalu\u00f1a como en el \u00e1mbito internacional. La Fundaci\u00f3n se rige por sus estatutos y por las disposiciones establecidas en el Patronato. La Fundaci\u00f3n Tom Sharpe recibe el apoyo del Ayuntamiento de Palafrugell y la Diputaci\u00f3n de Girona.<\/p>\n<div class=\"col-xs-12 col-md-8 responsable president\">\n<div class=\"border-left bloc-persona\">\n<h3 class=\"carrec\">Presidenta<\/h3>\n<p>\n                Montserrat Verdaguer Clavera<br \/>\n                <button id=\"president\" class=\"btn-mes-info\" aria-expanded=\"false\"><span class=\"text-mes-info\" aria-hidden=\"true\">+<\/span><span class=\"sr-only\"> M\u00e1s informaci\u00f3n sobre Montserrat Verdaguer Clavera<\/span><\/button>\n            <\/p>\n<div class=\"mes-info\" style=\"display: none;\">\n                Licenciada en Medicina y Cirug\u00eda Universidad de Barcelona 1977. Especialista en Neurolog\u00eda Universidad de Barcelona 1982. Especialista en Psiquiatr\u00eda Hospital San Juan de Dios Barcelona 1986. Albacea legado Tom Sharpe.\n            <\/div>\n<\/p><\/div>\n<\/p><\/div>\n<div class=\"col-xs-12 col-md-8 responsable vicepresident\">\n<div class=\"border-left bloc-persona\">\n<h3 class=\"carrec\">Vicepresidente<\/h3>\n<p>\n                Jos\u00e9 Maria P\u00e9rez-Collados<br \/>\n                <button id=\"vicepresident\" class=\"btn-mes-info\" aria-expanded=\"false\"><span class=\"text-mes-info\" aria-hidden=\"true\">+<\/span><span class=\"sr-only\"> M\u00e1s informaci\u00f3n sobre Jos\u00e9 Maria P\u00e9rez-Collados<\/span><\/button>\n            <\/p>\n<div class=\"mes-info\" style=\"display: none;\">\n                Catedr\u00e1tico de Historia del Derecho Universidad de Girona. Anteriormente, investigador titular en la Universidad Nacional Aut\u00f3noma de M\u00e9xico y varias Universidades de Chile, en la Universidad de Zaragoza, Universidad Aut\u00f3noma de Barcelona y Universidad de Birmingham. Escritor: ha publicado varios ensayos de historia pol\u00edtica, entre los que destaca \u00abLos discursos pol\u00edticos del M\u00e9xico originario\u00bb, poes\u00eda \u00abLo que no te cont\u00e9 de mis viajes\u00bb, novelas \u00abEl Tren de Cristal\u00bb y \u00abAhora que ya no est\u00e1s\u00bb. Dirige la revista de cultura jur\u00eddica \u00abIus Fugit\u00bb. Director de la editorial \u00abNuevos Rumbos\u00bb, de Pol\u00edtica editorial en la \u00abRed de universidades lectoras\u00bb que agrupa m\u00e1s de 50 universidades espa\u00f1olas, italianas, rusas, portuguesas y de varios pa\u00edses de Am\u00e9rica y de la colecci\u00f3n \u00abNovela de Campus\u00bb de la editorial \u00abRenacimiento\u00bb.\n            <\/div>\n<\/p><\/div>\n<\/p><\/div>\n<div class=\"col-xs-12 col-md-8 responsable secretari\">\n<div class=\"border-left bloc-persona\">\n<h3 class=\"carrec\">Secretario<\/h3>\n<p>\n                Josep Maria Prat S\u00e0bat<br \/>\n                <button id=\"secretari\" class=\"btn-mes-info\" aria-expanded=\"false\"><span class=\"text-mes-info\" aria-hidden=\"true\">+<\/span><span class=\"sr-only\"> M\u00e1s informaci\u00f3n sobre Josep Maria Prat S\u00e0bat<\/span><\/button>\n            <\/p>\n<div class=\"mes-info\" style=\"display: none;\">\n                Abogado. Anteriormente: Secretario de la C\u00e1mara Agraria Provincial de Girona. Decano del Colegio de Abogados de Girona de 1995 a 2005. Miembro del Consejo de los Ilustres Colegios de Abogados de Catalu\u00f1a. Miembro del Consejo Social de La universidad de Girona. Miembro del Consejo General de la Abogac\u00eda Espa\u00f1ola. Presidente de la Secci\u00f3n del Jurado de Expropiaci\u00f3n de Catalu\u00f1a en la demarcaci\u00f3n de Girona. Est\u00e1 en posesi\u00f3n de la Cruz de Honor de San Raimundo de Pe\u00f1afort 2002. Actualmente, es Patr\u00f3n de la Fundaci\u00f3n del Consejo General de la Abogacia Espa\u00f1ola. Socio de varias Asociaciones de Juristas Nacionales e Internacionales.\n            <\/div>\n<\/p><\/div>\n<\/p><\/div>\n<div class=\"col-xs-12 col-md-8 responsable rep-aj-palafrugell\">\n<div class=\"border-left bloc-persona\">\n<h3 class=\"carrec\">Representante Ayuntamiento de Palafrugell<\/h3>\n<p>\n                Juli Fern\u00e1ndez Iruela<br \/>\n                <button id=\"rep-aj-palafrugell\" class=\"btn-mes-info\" aria-expanded=\"false\"><span class=\"text-mes-info\" aria-hidden=\"true\">+<\/span><span class=\"sr-only\"> M\u00e1s informaci\u00f3n sobre Juli Fern\u00e1ndez Iruela<\/span><\/button>\n            <\/p>\n<div class=\"mes-info\" style=\"display: none;\">\n                <\/div>\n<\/p><\/div>\n<\/p><\/div>\n<div class=\"col-xs-12 col-md-8 responsable vocals\">\n<div class=\"border-left\">\n<h3 class=\"carrec\">Vocales<\/h3>\n<div class=\"bloc-persona\">\n<p>\n                    Anna Caball\u00e9 Masforroll<br \/>\n                    <button id=\"vocal-1\" class=\"btn-mes-info\" aria-expanded=\"false\"><span class=\"text-mes-info\" aria-hidden=\"true\">+<\/span><span class=\"sr-only\"> M\u00e1s informaci\u00f3n sobre Anna Caball\u00e9 Masforroll<\/span><\/button>\n                <\/p>\n<div class=\"mes-info\" style=\"display: none;\">\n                    Profesora Titular de Literatura Espa\u00f1ola de la Universidad de Barcelona. Responsable de la Unidad de Estudios Biogr\u00e1ficos Departamento de Filolog\u00eda Hisp\u00e1nica Universidad de Barcelona Tinker Visiting Professor 2016 University of Chicago. Presidenta \u00abAsociaci\u00f3n Cl\u00e1sicas y Modernas\u00bb. Premio Gaziel de Biograf\u00edas y Memorias 2009: \u00abCarmen Laforet. Una mujer en fuga\u00bb. Premio Manuel Alvar de Estudios Human\u00edsticos 2015: \u00abPas\u00e9 la ma\u00f1ana escribiendo. Po\u00e9ticas del diarismo espa\u00f1ol\u00bb. Escritora, destacan los libros \u00abFrancisco Umbral, el fr\u00edo de una vida\u00bb, \u00abCinco conversaciones con Carlos Castilla del Pino\u00bb, \u00abUna breve historia de la misoginia\u00bb, \u00abEl bolso de Ana Karenina\u00bb, \u00abSobre la vida y obra de Paulino Masip\u00bb, \u00abEl feminismo en Espa\u00f1a\u00bb, \u00abLa vida escrita por las mujeres\u00bb, \u00abConcepci\u00f3n Arenal, la caminante y su sombra\u00bb.\n                <\/div>\n<\/p><\/div>\n<div class=\"bloc-persona\">\n<p>\n                    Carme Fenoll Clarabuch<br \/>\n                    <button id=\"vocal-2\" class=\"btn-mes-info\" aria-expanded=\"false\"><span class=\"text-mes-info\" aria-hidden=\"true\">+<\/span><span class=\"sr-only\"> M\u00e1s informaci\u00f3n sobre Carme Fenoll Clarabuch<\/span><\/button>\n                <\/p>\n<div class=\"mes-info\" style=\"display: none;\">\n                    Diplomada en Biblioteconom\u00eda y Documentaci\u00f3n por la UB. Licenciada en Documentaci\u00f3n por la UOC. Jefe de Gabinete del Rector de la UPC. Ex directora de la Biblioteca de Palafrugell. Ex directora del Servicio de Bibliotecas del Departamento de Cultura de la Generalidad de Catalu\u00f1a.\n                <\/div>\n<\/p><\/div>\n<div class=\"bloc-persona\">\n<p>\n                    Xavier Rocas Guti\u00e9rrez<br \/>\n                    <button id=\"vocal-3\" class=\"btn-mes-info\" aria-expanded=\"false\"><span class=\"text-mes-info\" aria-hidden=\"true\">+<\/span><span class=\"sr-only\"> M\u00e1s informaci\u00f3n sobre Xavier Rocas Guti\u00e9rrez<\/span><\/button>\n                <\/p>\n<div class=\"mes-info\" style=\"display: none;\">\n                    Arque\u00f3logo y muse\u00f3logo. Director del Terracotta Museo de Cer\u00e1mica de la Bisbal de Empord\u00e1. Concejal de Cultura del Ayuntamiento de Palafrugell de 2003 a 2015. Autor de los libros \u00abAlicatados. La Bisbal 1839-1980\u00bb y \u00abCer\u00e1mica y arquitectura. Los Coromina, Rafael Mas\u00f3 y la g\u00e9nesis de La Gabarra\u00bb a m\u00e1s de un centenar de art\u00edculos especializados.\n                <\/div>\n<\/p><\/div>\n<div class=\"bloc-persona\">\n<p>\n                    Isabel Verdaguer Clavera<br \/>\n                    <button id=\"vocal-4\" class=\"btn-mes-info\" aria-expanded=\"false\"><span class=\"text-mes-info\" aria-hidden=\"true\">+<\/span><span class=\"sr-only\"> M\u00e1s informaci\u00f3n sobre Isabel Verdaguer Clavera<\/span><\/button>\n                <\/p>\n<div class=\"mes-info\" style=\"display: none;\">\n                    Catedr\u00e1tica de Filolog\u00eda Inglesa de la Universidad de Barcelona. Directora del Departamento de Filolog\u00eda Inglesa y Alemana de la Universidad de Barcelona de 2009 a 2013. Coautora de los libros \u00abDe Cl\u00e1sicos y Traducciones\u00bb y \u00abBiomedical English: a corpus based study\u00bb y autora de numerosos cap\u00edtulos de libros y art\u00edculos especializados. Diplomada en Ling\u00fc\u00edstica por la Universidad de Reading y investigadora visitante en la Universidad de Birmingham, Universidad Cat\u00f3lica de Lovaina, Universidad de Gotemburgo y Universidad Simon Fraser. Coordinadora de Doctorado (2014-2017) y Miembro del Claustro de Doctores de la Universidad de Barcelona.\n                <\/div>\n<\/p><\/div>\n<div class=\"bloc-persona\">\n<p>\n                    Miquel Berga i Bagu\u00e9<br \/>\n                    <button id=\"vocal-5\" class=\"btn-mes-info\" aria-expanded=\"false\"><span class=\"text-mes-info\" aria-hidden=\"true\">+<\/span><span class=\"sr-only\"> M\u00e1s informaci\u00f3n sobre Miquel Berga i Bagu\u00e9<\/span><\/button>\n                <\/p>\n<div class=\"mes-info\" style=\"display: none;\">\n                    Escritor y periodista. Profesor Honorario de Literatura Inglesa Universidad Pompeu Fabra Barcelona, \u200b\u200bex decano de la Facultad de Humanidades en la Universidad Pompeu Fabra, especialista en investigaci\u00f3n sobre lengua y literatura inglesa con especial dedicaci\u00f3n a George Orwell.<\/p>\n<p>                    Entre su obra publicada destaca: \u201cEntre la ploma i el fusell\u201d, \u201cMil nou-cents vuitanta-quatre: radiografia d\u2019un malson\u201d, \u201cJohn Langdon-Davies: 1987-1971: una biografia anglo-catalana\u201d, \u201cUn hotel a la costa\u201d, \u201cLlegir Orwell avui\/Reading Orwell today\u201d, \u201cUn aire angl\u00e8s\u201d y \u201cUn pa\u00eds estranger\u201d.\n                <\/p><\/div>\n<\/p><\/div>\n<div class=\"bloc-persona\">\n<p>\n                    M\u00e0rius Serra i Roig<br \/>\n                    <button id=\"vocal-6\" class=\"btn-mes-info\" aria-expanded=\"false\"><span class=\"text-mes-info\" aria-hidden=\"true\">+<\/span><span class=\"sr-only\"> M\u00e1s informaci\u00f3n sobre M\u00e0rius Serra i Roig<\/span><\/button>\n                <\/p>\n<div class=\"mes-info\" style=\"display: none;\">\n                    Escritor de novela, ensayo, literatura infantil, ludoling\u00fc\u00edstica y teatro y traductor. Licenciado en Filolog\u00eda Inglesa Universidad de Barcelona, \u200b\u200bPresidente Consejo Ling\u00fc\u00edstico Asesor de la Corporaci\u00f3 Catalana de Mitjans Audiovisuals y Miembro numerario de la Secci\u00f3n Filol\u00f3gica del Institut d&#8217;Estudis Calatans.<\/p>\n<p>                    Premios: Premio Ciudad de Elche (1986), Premio El Brot (1987), Premio Ciutat de Barcelona de literatura en lengua catalana (1999), Premio Octavi Pellisa (1999), Premio Cr\u00edtica Serra d&#8217;Or de estudio literario (2001), Premio Letra de Oro (2001), Premio Ramon Llull de novela (2006), Premio de la Critica Teatral de Barcelona (2007), Premio Memorial Llu\u00eds Companys de la Fundaci\u00f3n Josep Irla (2011), Premio Sant Jordi de novela (2012).\n                <\/p><\/div>\n<\/p><\/div>\n<div class=\"bloc-persona\">\n<p>\n                    Maria Llu\u00efsa Teixidor Marimon<br \/>\n                    <button id=\"vocal-7\" class=\"btn-mes-info\" aria-expanded=\"false\"><span class=\"text-mes-info\" aria-hidden=\"true\">+<\/span><span class=\"sr-only\"> M\u00e1s informaci\u00f3n sobre Maria Llu\u00efsa Teixidor Marimon<\/span><\/button>\n                <\/p>\n<div class=\"mes-info\" style=\"display: none;\">\n                    Licenciada en Ciencias Exactas por la Universitat Aut\u00f2noma de Barcelona. Profesora de matem\u00e1ticas en el centro Les Alzines de Girona, en el Instituto de Palam\u00f3s, en el Instituto de Lloret de Mar y en el Instituto Narc\u00eds Xifra de Girona. En el Instituto de Palam\u00f3s fue tambi\u00e9n Jefa de Estudios desde el a\u00f1o 1997 hasta 2004 y Directora desde 2004 hasta 2019. Adem\u00e1s, desde 2023 es concejala de Educaci\u00f3n y Cooperaci\u00f3n Internacional en el Ayuntamiento de Palafrugell.\n                <\/div>\n<\/p><\/div>\n<\/p><\/div>\n<\/p><\/div>\n<div class=\"clearfix\"><\/div>\n<\/div>\n","protected":false},"excerpt":{"rendered":"<p>La Fundaci\u00f3n Tom Sharpe es una entidad sin \u00e1nimo de lucro que tiene la voluntad de potenciar el estudio y la promoci\u00f3n de la obra literaria del escritor, tanto en Catalu\u00f1a como en el \u00e1mbito internacional. La Fundaci\u00f3n se rige por sus estatutos y por las disposiciones establecidas en el Patronato. La Fundaci\u00f3n Tom Sharpe [&hellip;]<\/p>\n","protected":false},"author":1,"featured_media":2575,"parent":0,"menu_order":0,"comment_status":"closed","ping_status":"closed","template":"page-lafundacio.php","meta":{"_acf_changed":false,"footnotes":""},"class_list":["post-486","page","type-page","status-publish","has-post-thumbnail","hentry"],"acf":[],"_links":{"self":[{"href":"https:\/\/fundaciotomsharpe.org\/es\/wp-json\/wp\/v2\/pages\/486","targetHints":{"allow":["GET"]}}],"collection":[{"href":"https:\/\/fundaciotomsharpe.org\/es\/wp-json\/wp\/v2\/pages"}],"about":[{"href":"https:\/\/fundaciotomsharpe.org\/es\/wp-json\/wp\/v2\/types\/page"}],"author":[{"embeddable":true,"href":"https:\/\/fundaciotomsharpe.org\/es\/wp-json\/wp\/v2\/users\/1"}],"replies":[{"embeddable":true,"href":"https:\/\/fundaciotomsharpe.org\/es\/wp-json\/wp\/v2\/comments?post=486"}],"version-history":[{"count":26,"href":"https:\/\/fundaciotomsharpe.org\/es\/wp-json\/wp\/v2\/pages\/486\/revisions"}],"predecessor-version":[{"id":2596,"href":"https:\/\/fundaciotomsharpe.org\/es\/wp-json\/wp\/v2\/pages\/486\/revisions\/2596"}],"wp:featuredmedia":[{"embeddable":true,"href":"https:\/\/fundaciotomsharpe.org\/es\/wp-json\/wp\/v2\/media\/2575"}],"wp:attachment":[{"href":"https:\/\/fundaciotomsharpe.org\/es\/wp-json\/wp\/v2\/media?parent=486"}],"curies":[{"name":"wp","href":"https:\/\/api.w.org\/{rel}","templated":true}]}}