{"id":514,"date":"2018-05-07T14:37:14","date_gmt":"2018-05-07T12:37:14","guid":{"rendered":"https:\/\/fundaciotomsharpe.org\/?page_id=514"},"modified":"2021-05-25T11:47:53","modified_gmt":"2021-05-25T09:47:53","slug":"fondo-tom-sharpe-udg-2","status":"publish","type":"page","link":"https:\/\/fundaciotomsharpe.org\/es\/fondo-tom-sharpe-udg-2\/","title":{"rendered":"Fondo Tom Sharpe UdG"},"content":{"rendered":"<div class=\"fons-text-background\">\n<div class=\"container\">\n<div class=\"row\">\n<div class=\"imatge_llibre hidden-xs hidden-sm\"><img loading=\"lazy\" decoding=\"async\" width=\"857\" height=\"1061\" class=\"alignnone size-medium wp-image-287\" src=\"https:\/\/fundaciotomsharpe.org\/wp-content\/uploads\/2018\/03\/Ex_libris_Mesa-de-trabajo-1.png\" alt=\"\" srcset=\"https:\/\/fundaciotomsharpe.org\/wp-content\/uploads\/2018\/03\/Ex_libris_Mesa-de-trabajo-1.png 857w, https:\/\/fundaciotomsharpe.org\/wp-content\/uploads\/2018\/03\/Ex_libris_Mesa-de-trabajo-1-242x300.png 242w, https:\/\/fundaciotomsharpe.org\/wp-content\/uploads\/2018\/03\/Ex_libris_Mesa-de-trabajo-1-768x951.png 768w, https:\/\/fundaciotomsharpe.org\/wp-content\/uploads\/2018\/03\/Ex_libris_Mesa-de-trabajo-1-827x1024.png 827w\" sizes=\"auto, (max-width: 857px) 100vw, 857px\" \/><\/div>\n<div class=\"col-xs-12 col-md-6 col-lg-8 content-fons-text pull-right\">\n<div class=\"fons-text-first\">\n<p>En junio de 2013, Thomas Ridley Sharpe, m\u00e1s conocido como Tom Sharpe, mor\u00eda en Llafranc, legando a la Dra. Montserrat Verdaguer sus papeles personales, con el encargo de escribir su biograf\u00eda. En septiembre de 2015, la Dra. Verdaguer decide dar a la Universidad de Girona unos 1.200 libros de la biblioteca personal del escritor brit\u00e1nico y los manuscritos originales de su producci\u00f3n literaria para que sean utilizados para la docencia y la investigaci\u00f3n.<\/p>\n<\/div>\n<\/div>\n<\/div>\n<\/div>\n<\/div>\n<div class=\"container\">\n<div class=\"row\">\n<div class=\"col-xs-12 col-md-8 pull-right\">\n<div class=\"fons-text-normal\">\n<p>La biblioteca personal est\u00e1 integrada esencialmente por obras de literatura inglesa contempor\u00e1nea, con una importante presencia de autores de referencia para \u00e9l, como PG Wodehouse, Evelyn Waugh o John Buchan, as\u00ed como por sus obras publicadas y las correspondientes traducciones a diversas lenguas.<\/p>\n<p>La parte documental est\u00e1 formada por los manuscritos originales de sus obras, con las diferentes versiones y borradores, y los guiones de las adaptaciones cinematogr\u00e1ficas y televisivas de sus novelas, todos ellos con anotaciones manuscritas del autor.<\/p>\n<p>Este fondo permitir\u00e1 a los investigadores aproximarse, a partir de los documentos originales, a la figura y la obra de este escritor brit\u00e1nico, especializado en el g\u00e9nero de novela humor\u00edstica, que vivi\u00f3 una intensa vida y que residi\u00f3 los \u00faltimos 20 a\u00f1os en este pueblo de la Costa Brava.<\/p>\n<\/div>\n<div class=\"separador_petit\"><\/div>\n<p><a class=\"btn btn-default\" href=\"https:\/\/www2.udg.edu\/projectesbiblioteca\/FonsEspecialsBiblioteca\/TomSharpe\/TomSharpeverEspa%C3%B1ol\/tabid\/24106\/language\/ca-ES\/Default.aspx\" target=\"_blank\" rel=\"noopener noreferrer\">Fondo Tom Sharpe Universitat de Girona<\/a><\/p>\n<\/div>\n<\/div>\n<\/div>\n","protected":false},"excerpt":{"rendered":"<p>En junio de 2013, Thomas Ridley Sharpe, m\u00e1s conocido como Tom Sharpe, mor\u00eda en Llafranc, legando a la Dra. Montserrat Verdaguer sus papeles personales, con el encargo de escribir su biograf\u00eda. En septiembre de 2015, la Dra. Verdaguer decide dar a la Universidad de Girona unos 1.200 libros de la biblioteca personal del escritor brit\u00e1nico [&hellip;]<\/p>\n","protected":false},"author":1,"featured_media":285,"parent":0,"menu_order":0,"comment_status":"closed","ping_status":"closed","template":"","meta":{"_acf_changed":false,"footnotes":""},"class_list":["post-514","page","type-page","status-publish","has-post-thumbnail","hentry"],"acf":[],"_links":{"self":[{"href":"https:\/\/fundaciotomsharpe.org\/es\/wp-json\/wp\/v2\/pages\/514","targetHints":{"allow":["GET"]}}],"collection":[{"href":"https:\/\/fundaciotomsharpe.org\/es\/wp-json\/wp\/v2\/pages"}],"about":[{"href":"https:\/\/fundaciotomsharpe.org\/es\/wp-json\/wp\/v2\/types\/page"}],"author":[{"embeddable":true,"href":"https:\/\/fundaciotomsharpe.org\/es\/wp-json\/wp\/v2\/users\/1"}],"replies":[{"embeddable":true,"href":"https:\/\/fundaciotomsharpe.org\/es\/wp-json\/wp\/v2\/comments?post=514"}],"version-history":[{"count":7,"href":"https:\/\/fundaciotomsharpe.org\/es\/wp-json\/wp\/v2\/pages\/514\/revisions"}],"predecessor-version":[{"id":910,"href":"https:\/\/fundaciotomsharpe.org\/es\/wp-json\/wp\/v2\/pages\/514\/revisions\/910"}],"wp:featuredmedia":[{"embeddable":true,"href":"https:\/\/fundaciotomsharpe.org\/es\/wp-json\/wp\/v2\/media\/285"}],"wp:attachment":[{"href":"https:\/\/fundaciotomsharpe.org\/es\/wp-json\/wp\/v2\/media?parent=514"}],"curies":[{"name":"wp","href":"https:\/\/api.w.org\/{rel}","templated":true}]}}